{"id":23,"date":"2025-02-05T13:42:42","date_gmt":"2025-02-05T12:42:42","guid":{"rendered":"https:\/\/smarttour.net\/?page_id=23"},"modified":"2025-02-12T07:22:02","modified_gmt":"2025-02-12T06:22:02","slug":"smart-tour","status":"publish","type":"page","link":"https:\/\/smarttour.net\/","title":{"rendered":"Smart Tour"},"content":{"rendered":"\n<div class=\"wp-block-group alignfull\" style=\"margin-top:0;margin-bottom:0\"><div class=\"wp-block-group__inner-container is-layout-flow wp-block-group-is-layout-flow\">\n<div class=\"wp-block-columns alignfull is-not-stacked-on-mobile is-layout-flex wp-container-core-columns-is-layout-65d4918a wp-block-columns-is-layout-flex\" style=\"margin-top:0;margin-bottom:0;padding-top:var(--wp--preset--spacing--40);padding-right:var(--wp--preset--spacing--40);padding-bottom:var(--wp--preset--spacing--80);padding-left:var(--wp--preset--spacing--40)\">\n<div class=\"wp-block-column is-layout-flow wp-block-column-is-layout-flow\" style=\"flex-basis:66.66%\">\n<div class=\"wp-block-group is-vertical is-content-justification-stretch is-layout-flex wp-container-core-group-is-layout-3f01f30c wp-block-group-is-layout-flex\">\n<h2 class=\"wp-block-heading has-text-align-center has-xx-large-font-size\">Agence de voyages<\/h2>\n<\/div>\n\n\n\n<p class=\"has-text-align-center\"><a href=\"https:\/\/app-account.wondermiles.org\">Acc\u00e9der \u00e0 la plateforme Wondermiles en cliquant ici<\/a><\/p>\n\n\n\n<div class=\"wp-block-group is-vertical is-content-justification-stretch is-layout-flex wp-container-core-group-is-layout-3f01f30c wp-block-group-is-layout-flex\">\n<p class=\"has-x-large-font-size\"><\/p>\n\n\n\n<div style=\"height:0px\" aria-hidden=\"true\" class=\"wp-block-spacer wp-container-content-36c51660\"><\/div>\n<\/div>\n<\/div>\n\n\n\n<div class=\"wp-block-column is-layout-flow wp-block-column-is-layout-flow\" style=\"flex-basis:12vw\"><\/div>\n\n\n\n<div class=\"wp-block-column is-layout-flow wp-block-column-is-layout-flow\">\n<div class=\"wp-block-group is-content-justification-right is-nowrap is-layout-flex wp-container-core-group-is-layout-fd526d70 wp-block-group-is-layout-flex\">\n<p class=\"has-text-align-left\" style=\"line-height:0.6;text-transform:uppercase;writing-mode:vertical-rl\"><\/p>\n<\/div>\n<\/div>\n<\/div>\n\n\n\n<div class=\"wp-block-columns alignfull is-style-section-2 is-layout-flex wp-container-core-columns-is-layout-47d8061b wp-block-columns-is-layout-flex\" style=\"padding-top:0;padding-bottom:0\">\n<div class=\"wp-block-column is-layout-flow wp-block-column-is-layout-flow\" style=\"flex-basis:50%\">\n<div class=\"wp-block-group is-vertical is-content-justification-stretch is-layout-flex wp-container-core-group-is-layout-a432a1e7 wp-block-group-is-layout-flex\" style=\"min-height:33vh;padding-top:var(--wp--preset--spacing--50);padding-right:var(--wp--preset--spacing--50);padding-bottom:var(--wp--preset--spacing--50);padding-left:var(--wp--preset--spacing--50)\">\n<p><\/p>\n\n\n\n<div style=\"height:0px\" aria-hidden=\"true\" class=\"wp-block-spacer wp-container-content-6388d5dc\"><\/div>\n\n\n\n<h2 class=\"wp-block-heading has-xx-large-font-size\"><a href=\"#\">R\u00e9servation<\/a><\/h2>\n<\/div>\n<\/div>\n\n\n\n<div class=\"wp-block-column is-layout-flow wp-block-column-is-layout-flow\" style=\"flex-basis:50%\">\n<div class=\"wp-block-cover is-light\"><span aria-hidden=\"true\" class=\"wp-block-cover__background has-background-dim-0 has-background-dim\"><\/span><img decoding=\"async\" class=\"wp-block-cover__image-background\" alt=\"Photo en gros plan de fleurs blanches sur un arri\u00e8re-plan gris\" src=\"https:\/\/smarttour.net\/wp-content\/themes\/twentytwentyfive\/assets\/images\/botany-flowers-closeup.webp\" data-object-fit=\"cover\"\/><div class=\"wp-block-cover__inner-container is-layout-flow wp-block-cover-is-layout-flow\">\n<div style=\"height:var(--wp--preset--spacing--20)\" aria-hidden=\"true\" class=\"wp-block-spacer\"><\/div>\n<\/div><\/div>\n<\/div>\n<\/div>\n<\/div><\/div>\n","protected":false},"excerpt":{"rendered":"<p>Agence de voyages Acc\u00e9der \u00e0 la plateforme Wondermiles en cliquant ici R\u00e9servation<\/p>\n","protected":false},"author":1,"featured_media":0,"parent":0,"menu_order":0,"comment_status":"closed","ping_status":"closed","template":"","meta":{"footnotes":""},"class_list":["post-23","page","type-page","status-publish","hentry"],"_links":{"self":[{"href":"https:\/\/smarttour.net\/index.php\/wp-json\/wp\/v2\/pages\/23","targetHints":{"allow":["GET"]}}],"collection":[{"href":"https:\/\/smarttour.net\/index.php\/wp-json\/wp\/v2\/pages"}],"about":[{"href":"https:\/\/smarttour.net\/index.php\/wp-json\/wp\/v2\/types\/page"}],"author":[{"embeddable":true,"href":"https:\/\/smarttour.net\/index.php\/wp-json\/wp\/v2\/users\/1"}],"replies":[{"embeddable":true,"href":"https:\/\/smarttour.net\/index.php\/wp-json\/wp\/v2\/comments?post=23"}],"version-history":[{"count":4,"href":"https:\/\/smarttour.net\/index.php\/wp-json\/wp\/v2\/pages\/23\/revisions"}],"predecessor-version":[{"id":45,"href":"https:\/\/smarttour.net\/index.php\/wp-json\/wp\/v2\/pages\/23\/revisions\/45"}],"wp:attachment":[{"href":"https:\/\/smarttour.net\/index.php\/wp-json\/wp\/v2\/media?parent=23"}],"curies":[{"name":"wp","href":"https:\/\/api.w.org\/{rel}","templated":true}]}}